{"id":166,"date":"2012-12-18T14:09:41","date_gmt":"2012-12-18T12:09:41","guid":{"rendered":"http:\/\/drauda.viko.lt\/?page_id=166"},"modified":"2023-06-08T09:08:04","modified_gmt":"2023-06-08T07:08:04","slug":"kasko","status":"publish","type":"page","link":"http:\/\/drauda.viko.lt\/?page_id=166","title":{"rendered":"KASKO"},"content":{"rendered":"<p><strong><a href=\"http:\/\/drauda.viko.lt\/wp-content\/uploads\/2012\/12\/KASKO-draudimas.jpg\"><img loading=\"lazy\" decoding=\"async\" class=\"alignnone size-full wp-image-217\" title=\"KASKO draudimas\" src=\"http:\/\/drauda.viko.lt\/wp-content\/uploads\/2012\/12\/KASKO-draudimas.jpg\" alt=\"\" width=\"261\" height=\"347\" srcset=\"http:\/\/drauda.viko.lt\/wp-content\/uploads\/2012\/12\/KASKO-draudimas.jpg 261w, http:\/\/drauda.viko.lt\/wp-content\/uploads\/2012\/12\/KASKO-draudimas-225x300.jpg 225w\" sizes=\"auto, (max-width: 261px) 100vw, 261px\" \/><\/a><\/strong><\/p>\n<p><strong>KASKO draudimas<\/strong> \u2013 tai savanori\u0161kas transporto priemoni\u0173 draudimas. Apsidraudus bendrov\u0117 atlygina J\u016bs\u0173 automobiliui padaryt\u0105 \u017eal\u0105 \u0161iais atvejais:<\/p>\n<ul>\n<li>avarija,<\/li>\n<li>stichin\u0117s nelaim\u0117s,<\/li>\n<li>tre\u010di\u0173j\u0173 asmen\u0173 veika,<\/li>\n<li>vagyst\u0117s,<\/li>\n<li>vairuotoj\u0173 ir\/ar keleivi\u0173 nelaimingi atsitikimai,<\/li>\n<li>pagalbos kelyje i\u0161laidos.<\/li>\n<\/ul>\n<p><strong>\u012emoka priklauso nuo:<\/strong><\/p>\n<ul>\n<li>transporto priemon\u0117s pagaminimo met\u0173;<\/li>\n<li>transporto priemon\u0117s mark\u0117s, modelio;<\/li>\n<li>vairuotojo am\u017eiaus, vairavimo patirties;<\/li>\n<li>draudimo variant\u0173.<\/li>\n<\/ul>\n<p><strong>Draudimo variantai:<\/strong><\/p>\n<ul>\n<li>draudimas nauja verte,<\/li>\n<li>draudimas be amortizacijos,<\/li>\n<li>draudimas rinkos verte.<\/li>\n<\/ul>\n<p><strong>Draudimo sutarties galiojimo teritorija<\/strong><\/p>\n<p>Sudarant draudimo sutart\u012f, turi b\u016bti nustatyta s\u0105lyga, kad draudimo sutartis galiot\u0173 vienoje i\u0161 \u0161i\u0173 geografini\u0173 zon\u0173:<\/p>\n<ol>\n<li>Lietuvos Respublikoje,<\/li>\n<li>Europoje, i\u0161skyrus NVS \u0161alis (t.y. draudimo apsauga galioja geografin\u0117je Europoje, i\u0161skyrus Rusijos Federacijos, Baltarusijos, Moldovos bei Ukrainos teritorijos),<\/li>\n<li>geografin\u0117je Europoje.<\/li>\n<\/ol>\n","protected":false},"excerpt":{"rendered":"<p>KASKO draudimas \u2013 tai savanori\u0161kas transporto priemoni\u0173 draudimas. Apsidraudus bendrov\u0117 atlygina J\u016bs\u0173 automobiliui padaryt\u0105 \u017eal\u0105 \u0161iais atvejais: avarija, stichin\u0117s nelaim\u0117s, tre\u010di\u0173j\u0173 asmen\u0173 veika, vagyst\u0117s, vairuotoj\u0173 ir\/ar keleivi\u0173 nelaimingi atsitikimai, pagalbos kelyje i\u0161laidos. \u012emoka priklauso nuo: transporto priemon\u0117s pagaminimo met\u0173; transporto&#8230; <a class=\"more-link\" href=\"http:\/\/drauda.viko.lt\/?page_id=166\">Continue Reading &rarr;<\/a><\/p>\n","protected":false},"author":1,"featured_media":0,"parent":162,"menu_order":0,"comment_status":"closed","ping_status":"open","template":"","meta":{"footnotes":""},"class_list":["post-166","page","type-page","status-publish","hentry"],"_links":{"self":[{"href":"http:\/\/drauda.viko.lt\/index.php?rest_route=\/wp\/v2\/pages\/166","targetHints":{"allow":["GET"]}}],"collection":[{"href":"http:\/\/drauda.viko.lt\/index.php?rest_route=\/wp\/v2\/pages"}],"about":[{"href":"http:\/\/drauda.viko.lt\/index.php?rest_route=\/wp\/v2\/types\/page"}],"author":[{"embeddable":true,"href":"http:\/\/drauda.viko.lt\/index.php?rest_route=\/wp\/v2\/users\/1"}],"replies":[{"embeddable":true,"href":"http:\/\/drauda.viko.lt\/index.php?rest_route=%2Fwp%2Fv2%2Fcomments&post=166"}],"version-history":[{"count":6,"href":"http:\/\/drauda.viko.lt\/index.php?rest_route=\/wp\/v2\/pages\/166\/revisions"}],"predecessor-version":[{"id":1756,"href":"http:\/\/drauda.viko.lt\/index.php?rest_route=\/wp\/v2\/pages\/166\/revisions\/1756"}],"up":[{"embeddable":true,"href":"http:\/\/drauda.viko.lt\/index.php?rest_route=\/wp\/v2\/pages\/162"}],"wp:attachment":[{"href":"http:\/\/drauda.viko.lt\/index.php?rest_route=%2Fwp%2Fv2%2Fmedia&parent=166"}],"curies":[{"name":"wp","href":"https:\/\/api.w.org\/{rel}","templated":true}]}}