{"id":177,"date":"2012-12-18T14:13:52","date_gmt":"2012-12-18T12:13:52","guid":{"rendered":"http:\/\/drauda.viko.lt\/?page_id=177"},"modified":"2023-06-08T09:06:47","modified_gmt":"2023-06-08T07:06:47","slug":"draudimas-nuo-nelaimingu-atsitikimu","status":"publish","type":"page","link":"http:\/\/drauda.viko.lt\/?page_id=177","title":{"rendered":"Draudimas nuo nelaiming\u0173 atsitikim\u0173"},"content":{"rendered":"<p><a href=\"http:\/\/drauda.viko.lt\/wp-content\/uploads\/2012\/12\/Personal-Injury-Mainpage11.jpg\" rel=\"attachment wp-att-193\"><img loading=\"lazy\" decoding=\"async\" class=\"alignnone wp-image-193\" src=\"http:\/\/drauda.viko.lt\/wp-content\/uploads\/2012\/12\/Personal-Injury-Mainpage11-1024x681.jpg\" alt=\"\" width=\"476\" height=\"317\" srcset=\"http:\/\/drauda.viko.lt\/wp-content\/uploads\/2012\/12\/Personal-Injury-Mainpage11-1024x681.jpg 1024w, http:\/\/drauda.viko.lt\/wp-content\/uploads\/2012\/12\/Personal-Injury-Mainpage11-300x199.jpg 300w, http:\/\/drauda.viko.lt\/wp-content\/uploads\/2012\/12\/Personal-Injury-Mainpage11.jpg 1699w\" sizes=\"auto, (max-width: 476px) 100vw, 476px\" \/><\/a><\/p>\n<p><strong>Draudimas nuo nelaiming\u0173 atsitikim\u0173 <\/strong>&#8211; draudimo r\u016b\u0161is, suteikianti draudimo apsaug\u0105, kai d\u0117l nelaimingo atsitikimo padaroma \u017eala apdraustojo sveikatai, jis netenka darbingumo ar nelaimingas atsitikimas tampa jo mirties prie\u017eastimi.<\/p>\n<p><strong>Draudimo \u012fmoka ir i\u0161moka<\/strong>:<\/p>\n<ul>\n<li>draudimo \u012fmoka priklauso nuo pasirinktos draudimo sumos dyd\u017eio bei darbo pob\u016bd\u017eio;<\/li>\n<li>draudimo i\u0161moka priklauso nuo patirtos traumos sunkumo bei pasirinktos draudimo sumos.<\/li>\n<\/ul>\n<p><strong>Pagrindin\u0117s rizikos<\/strong>:<\/p>\n<ul>\n<li>mirtis;<\/li>\n<li>ne\u012fgalumas.<\/li>\n<\/ul>\n<p><strong>Papildomos rizikos:<\/strong><\/p>\n<ul>\n<li>kaul\u0173 l\u016b\u017eiai \u2013 asmuo mir\u0161ta d\u0117l nelamingo atsitikimo;<\/li>\n<li>laikinas ne\u012fgalumas \u2013 trumpalaikis fizini\u0173 ir psichini\u0173 funkcij\u0173 sutrikdymas d\u0117l nelamingo atsitikimo.<\/li>\n<\/ul>\n<p><strong>Papildomai galima pasirinkti:<\/strong><\/p>\n<ul>\n<li>dienpinigius;<\/li>\n<li>ligonpinigius.<\/li>\n<\/ul>\n","protected":false},"excerpt":{"rendered":"<p>Draudimas nuo nelaiming\u0173 atsitikim\u0173 &#8211; draudimo r\u016b\u0161is, suteikianti draudimo apsaug\u0105, kai d\u0117l nelaimingo atsitikimo padaroma \u017eala apdraustojo sveikatai, jis netenka darbingumo ar nelaimingas atsitikimas tampa jo mirties prie\u017eastimi. Draudimo \u012fmoka ir i\u0161moka: draudimo \u012fmoka priklauso nuo pasirinktos draudimo sumos dyd\u017eio&#8230; <a class=\"more-link\" href=\"http:\/\/drauda.viko.lt\/?page_id=177\">Continue Reading &rarr;<\/a><\/p>\n","protected":false},"author":1,"featured_media":0,"parent":168,"menu_order":0,"comment_status":"closed","ping_status":"open","template":"","meta":{"footnotes":""},"class_list":["post-177","page","type-page","status-publish","hentry"],"_links":{"self":[{"href":"http:\/\/drauda.viko.lt\/index.php?rest_route=\/wp\/v2\/pages\/177","targetHints":{"allow":["GET"]}}],"collection":[{"href":"http:\/\/drauda.viko.lt\/index.php?rest_route=\/wp\/v2\/pages"}],"about":[{"href":"http:\/\/drauda.viko.lt\/index.php?rest_route=\/wp\/v2\/types\/page"}],"author":[{"embeddable":true,"href":"http:\/\/drauda.viko.lt\/index.php?rest_route=\/wp\/v2\/users\/1"}],"replies":[{"embeddable":true,"href":"http:\/\/drauda.viko.lt\/index.php?rest_route=%2Fwp%2Fv2%2Fcomments&post=177"}],"version-history":[{"count":7,"href":"http:\/\/drauda.viko.lt\/index.php?rest_route=\/wp\/v2\/pages\/177\/revisions"}],"predecessor-version":[{"id":1192,"href":"http:\/\/drauda.viko.lt\/index.php?rest_route=\/wp\/v2\/pages\/177\/revisions\/1192"}],"up":[{"embeddable":true,"href":"http:\/\/drauda.viko.lt\/index.php?rest_route=\/wp\/v2\/pages\/168"}],"wp:attachment":[{"href":"http:\/\/drauda.viko.lt\/index.php?rest_route=%2Fwp%2Fv2%2Fmedia&parent=177"}],"curies":[{"name":"wp","href":"https:\/\/api.w.org\/{rel}","templated":true}]}}