{"id":181,"date":"2012-12-18T14:15:06","date_gmt":"2012-12-18T12:15:06","guid":{"rendered":"http:\/\/drauda.viko.lt\/?page_id=181"},"modified":"2023-06-08T09:07:46","modified_gmt":"2023-06-08T07:07:46","slug":"kaupiamasis-gyvybes-draudimas","status":"publish","type":"page","link":"http:\/\/drauda.viko.lt\/?page_id=181","title":{"rendered":"Kaupiamasis gyvyb\u0117s draudimas"},"content":{"rendered":"<p><a href=\"http:\/\/drauda.viko.lt\/wp-content\/uploads\/2012\/12\/shutterstock_7761424611.jpg\"><img loading=\"lazy\" decoding=\"async\" class=\"alignnone wp-image-199\" src=\"http:\/\/drauda.viko.lt\/wp-content\/uploads\/2012\/12\/shutterstock_7761424611.jpg\" alt=\"\" width=\"458\" height=\"305\" srcset=\"http:\/\/drauda.viko.lt\/wp-content\/uploads\/2012\/12\/shutterstock_7761424611.jpg 1000w, http:\/\/drauda.viko.lt\/wp-content\/uploads\/2012\/12\/shutterstock_7761424611-300x200.jpg 300w\" sizes=\"auto, (max-width: 458px) 100vw, 458px\" \/><\/a><\/p>\n<p><strong>Kaupiamasis gyvyb\u0117s draudimas<\/strong> \u2013 efektyvus pinig\u0173 investavimas ir parama artimiesiems mirties atveju. Apsidraudus \u0161iuo draudimu J\u016bs esate finansi\u0161kai u\u017etikrintas nelaim\u0117s atveju ir galite kaupti l\u0117\u0161as sau ir savo \u0161eimos atei\u010diai. Draudimo suma i\u0161mokama pasibaigus draudimo terminui arba apdraustojo mirties atveju draudimo galiojimo metu. Mirus apdraustajam, visa draudimo suma i\u0161mokama, jeigu buvo sumok\u0117ta nors viena \u012fmoka.<\/p>\n<p><strong>Draudimo variantai:<\/strong><\/p>\n<ul>\n<li>apdraud\u017eiama vieno asmens gyvyb\u0117;<\/li>\n<li>viena draudimo suma apdraud\u017eiama dviej\u0173 asmen\u0173 gyvyb\u0117. \u0160iuo atveju draudimo suma i\u0161mokama tik vien\u0105 kart\u0105 pasibaigus draudimo terminui arba mirus vienam ar abiem apdraustiesiems.<\/li>\n<\/ul>\n<p><strong>Draud\u017eiami asmenys<\/strong><\/p>\n<p>Sutart\u012f gali sudaryti pilnametis, o apdraustuoju gali b\u016bti asmuo nuo 1 &#8211; eri\u0173 iki 70 met\u0173 am\u017eiaus. Maksimalus apdraustojo am\u017eius sutarties pabaigoje 75 &#8211; eri metai.<\/p>\n<p><strong>Draudimo suma ir trukm\u0117<\/strong><\/p>\n<p>Draudimo sum\u0105 ir trukm\u0119 pasirenka draud\u0117jas. Minimali draudimo suma \u2013 1500 eur\u0173 (5180 Lt). Trumpiausia draudimo trukm\u0117 \u2013 3-eji metai. Jei draud\u0117jas renkasi norim\u0105 mok\u0117ti \u012fmok\u0105, garantuota draudimo suma apskai\u010diuojama atsi\u017evelgiant \u012f draud\u017eiamo asmens am\u017ei\u0173, lyt\u012f ir sveikatos b\u016bkl\u0119. \u012emokos gali b\u016bti mokamos dalimis.<\/p>\n","protected":false},"excerpt":{"rendered":"<p>Kaupiamasis gyvyb\u0117s draudimas \u2013 efektyvus pinig\u0173 investavimas ir parama artimiesiems mirties atveju. Apsidraudus \u0161iuo draudimu J\u016bs esate finansi\u0161kai u\u017etikrintas nelaim\u0117s atveju ir galite kaupti l\u0117\u0161as sau ir savo \u0161eimos atei\u010diai. Draudimo suma i\u0161mokama pasibaigus draudimo terminui arba apdraustojo mirties atveju&#8230; <a class=\"more-link\" href=\"http:\/\/drauda.viko.lt\/?page_id=181\">Continue Reading &rarr;<\/a><\/p>\n","protected":false},"author":1,"featured_media":0,"parent":172,"menu_order":0,"comment_status":"closed","ping_status":"open","template":"","meta":{"footnotes":""},"class_list":["post-181","page","type-page","status-publish","hentry"],"_links":{"self":[{"href":"http:\/\/drauda.viko.lt\/index.php?rest_route=\/wp\/v2\/pages\/181","targetHints":{"allow":["GET"]}}],"collection":[{"href":"http:\/\/drauda.viko.lt\/index.php?rest_route=\/wp\/v2\/pages"}],"about":[{"href":"http:\/\/drauda.viko.lt\/index.php?rest_route=\/wp\/v2\/types\/page"}],"author":[{"embeddable":true,"href":"http:\/\/drauda.viko.lt\/index.php?rest_route=\/wp\/v2\/users\/1"}],"replies":[{"embeddable":true,"href":"http:\/\/drauda.viko.lt\/index.php?rest_route=%2Fwp%2Fv2%2Fcomments&post=181"}],"version-history":[{"count":5,"href":"http:\/\/drauda.viko.lt\/index.php?rest_route=\/wp\/v2\/pages\/181\/revisions"}],"predecessor-version":[{"id":1191,"href":"http:\/\/drauda.viko.lt\/index.php?rest_route=\/wp\/v2\/pages\/181\/revisions\/1191"}],"up":[{"embeddable":true,"href":"http:\/\/drauda.viko.lt\/index.php?rest_route=\/wp\/v2\/pages\/172"}],"wp:attachment":[{"href":"http:\/\/drauda.viko.lt\/index.php?rest_route=%2Fwp%2Fv2%2Fmedia&parent=181"}],"curies":[{"name":"wp","href":"https:\/\/api.w.org\/{rel}","templated":true}]}}