{"id":188,"date":"2012-12-18T14:18:24","date_gmt":"2012-12-18T12:18:24","guid":{"rendered":"http:\/\/drauda.viko.lt\/?page_id=188"},"modified":"2023-06-08T09:07:54","modified_gmt":"2023-06-08T07:07:54","slug":"laidavimo-draudimas","status":"publish","type":"page","link":"http:\/\/drauda.viko.lt\/?page_id=188","title":{"rendered":"LAIDAVIMO DRAUDIMAS"},"content":{"rendered":"<p><a href=\"http:\/\/drauda.viko.lt\/wp-content\/uploads\/2012\/12\/laidavimo-draudimas.jpg\"><img loading=\"lazy\" decoding=\"async\" class=\"alignnone size-full wp-image-223\" title=\"laidavimo draudimas\" src=\"http:\/\/drauda.viko.lt\/wp-content\/uploads\/2012\/12\/laidavimo-draudimas.jpg\" alt=\"\" width=\"561\" height=\"374\" srcset=\"http:\/\/drauda.viko.lt\/wp-content\/uploads\/2012\/12\/laidavimo-draudimas.jpg 561w, http:\/\/drauda.viko.lt\/wp-content\/uploads\/2012\/12\/laidavimo-draudimas-300x200.jpg 300w\" sizes=\"auto, (max-width: 561px) 100vw, 561px\" \/><\/a><\/p>\n<p><strong>Kas tai yra laidavimo draudimas?<\/strong><\/p>\n<p>Laidavimo draudimas u\u017etikrina suinteresuotos \u0161alies (asmens ar \u012fmon\u0117s) interes\u0173 apsaug\u0105 nuo kit\u0173 asmen\u0173 \u012fsipareigojim\u0173 ne\u012fvykdymo ar netinkamo vykdymo.<\/p>\n<p><strong>Pagrindin\u0117s laidavimo draudimo r\u016b\u0161ys:<\/strong><\/p>\n<ul>\n<li>pasi\u016blymo laidavimo draudimas,<\/li>\n<li>atlikimo laidavimo draudimas,<\/li>\n<li>avansinio apmok\u0117jimo laidavimo draudimas,<\/li>\n<li>garantinio laikotarpio laidavimo draudimas.<\/li>\n<\/ul>\n<p><strong>Kuo naudingas laidavimo draudimas?<\/strong><\/p>\n<p>Laidavimo draudimas suteikia galimyb\u0119 dalyvauti u\u017esakov\u0173 skelbiamuose konkursuose, u\u017etikrina J\u016bs\u0173 \u012fmon\u0117s patikimum\u0105.<\/p>\n<p><strong>Kaip yra skai\u010diuojama \u012fmoka?<\/strong><\/p>\n<p>\u012emokos tarifas nustatomas individualiai kiekvienam atskiram laidavimo draudimo u\u017esakymui, \u012fvertinus draudimo rizik\u0105.<\/p>\n","protected":false},"excerpt":{"rendered":"<p>Kas tai yra laidavimo draudimas? Laidavimo draudimas u\u017etikrina suinteresuotos \u0161alies (asmens ar \u012fmon\u0117s) interes\u0173 apsaug\u0105 nuo kit\u0173 asmen\u0173 \u012fsipareigojim\u0173 ne\u012fvykdymo ar netinkamo vykdymo. Pagrindin\u0117s laidavimo draudimo r\u016b\u0161ys: pasi\u016blymo laidavimo draudimas, atlikimo laidavimo draudimas, avansinio apmok\u0117jimo laidavimo draudimas, garantinio laikotarpio laidavimo&#8230; <a class=\"more-link\" href=\"http:\/\/drauda.viko.lt\/?page_id=188\">Continue Reading &rarr;<\/a><\/p>\n","protected":false},"author":1,"featured_media":0,"parent":159,"menu_order":1,"comment_status":"closed","ping_status":"open","template":"","meta":{"footnotes":""},"class_list":["post-188","page","type-page","status-publish","hentry"],"_links":{"self":[{"href":"http:\/\/drauda.viko.lt\/index.php?rest_route=\/wp\/v2\/pages\/188","targetHints":{"allow":["GET"]}}],"collection":[{"href":"http:\/\/drauda.viko.lt\/index.php?rest_route=\/wp\/v2\/pages"}],"about":[{"href":"http:\/\/drauda.viko.lt\/index.php?rest_route=\/wp\/v2\/types\/page"}],"author":[{"embeddable":true,"href":"http:\/\/drauda.viko.lt\/index.php?rest_route=\/wp\/v2\/users\/1"}],"replies":[{"embeddable":true,"href":"http:\/\/drauda.viko.lt\/index.php?rest_route=%2Fwp%2Fv2%2Fcomments&post=188"}],"version-history":[{"count":6,"href":"http:\/\/drauda.viko.lt\/index.php?rest_route=\/wp\/v2\/pages\/188\/revisions"}],"predecessor-version":[{"id":1755,"href":"http:\/\/drauda.viko.lt\/index.php?rest_route=\/wp\/v2\/pages\/188\/revisions\/1755"}],"up":[{"embeddable":true,"href":"http:\/\/drauda.viko.lt\/index.php?rest_route=\/wp\/v2\/pages\/159"}],"wp:attachment":[{"href":"http:\/\/drauda.viko.lt\/index.php?rest_route=%2Fwp%2Fv2%2Fmedia&parent=188"}],"curies":[{"name":"wp","href":"https:\/\/api.w.org\/{rel}","templated":true}]}}