{"id":164,"date":"2012-12-18T14:08:58","date_gmt":"2012-12-18T12:08:58","guid":{"rendered":"http:\/\/drauda.viko.lt\/?page_id=164"},"modified":"2023-06-15T14:07:54","modified_gmt":"2023-06-15T12:07:54","slug":"tpvca","status":"publish","type":"page","link":"https:\/\/drauda.viko.lt\/?page_id=164","title":{"rendered":"TPVCA"},"content":{"rendered":"<p><a href=\"http:\/\/drauda.viko.lt\/wp-content\/uploads\/2012\/12\/2Do-You-Need-Insurance-If-You-Dont-Own-a-Car.jpg\"><img loading=\"lazy\" decoding=\"async\" class=\"alignnone wp-image-201 size-full\" src=\"http:\/\/drauda.viko.lt\/wp-content\/uploads\/2012\/12\/2Do-You-Need-Insurance-If-You-Dont-Own-a-Car.jpg\" alt=\"\" width=\"610\" height=\"300\" srcset=\"https:\/\/drauda.viko.lt\/wp-content\/uploads\/2012\/12\/2Do-You-Need-Insurance-If-You-Dont-Own-a-Car.jpg 610w, https:\/\/drauda.viko.lt\/wp-content\/uploads\/2012\/12\/2Do-You-Need-Insurance-If-You-Dont-Own-a-Car-300x147.jpg 300w\" sizes=\"auto, (max-width: 610px) 100vw, 610px\" \/><\/a><\/p>\n<p><strong>TPVCA privalomasis draudimas<\/strong> &#8211; tai draudimo r\u016b\u0161is, numatanti autoavarijos metu sukelt\u0173 nuostoli\u0173 atlyginim\u0105 tretiesiems asmenims ir j\u0173 turtui. Transporto priemoni\u0173 valdytoj\u0173 civilin\u0117s atsakomyb\u0117s privalomuoju draudimu privalo b\u016bti apdraustos visos Lietuvoje registruotos transporto priemon\u0117s.<\/p>\n<p><strong>Draudimo sutarties r\u016b\u0161ys:<\/strong><\/p>\n<ul>\n<li>\u012eprastin\u0117 draudimo sutartis<\/li>\n<li>Pasienio draudimo sutartis<\/li>\n<\/ul>\n<p>Transporto priemoni\u0173 valdytoj\u0173 civilin\u0117s atsakomyb\u0117s privalomojo draudimo suma d\u0117l vieno eismo \u012fvykio Lietuvos Respublikos teritorijoje, nepaisant to, kiek yra nukent\u0117jusi\u0173 tre\u010di\u0173j\u0173 asmen\u0173, yra:<\/p>\n<ul>\n<li>nuo 2009 m. gruod\u017eio 11 d. iki 2012 m. bir\u017eelio 10 d. \u2013 2 500 000 eur\u0173 d\u0117l \u017ealos asmeniui (tarp j\u0173 2 500 eur\u0173 d\u0117l neturtin\u0117s \u017ealos) ir 500 000 eur\u0173 d\u0117l \u017ealos turtui;<\/li>\n<li>nuo 2012 m. bir\u017eelio 11 d. \u2013 5 000 000 eur\u0173 d\u0117l \u017ealos asmeniui (tarp j\u0173 5 000 eur\u0173 d\u0117l neturtin\u0117s \u017ealos) ir 1 000 000 eur\u0173 d\u0117l \u017ealos turtui.<\/li>\n<\/ul>\n<p><strong>Draudimo sutarties galiojimas<\/strong><\/p>\n<p>TPVCA privalomojo draudimo sutartis galioja visose Europos S\u0105jungos, Europos ekonomin\u0117s erdv\u0117s valstyb\u0117se bei \u0160veicarijoje. Papildomai i\u0161duota \u017ealioji kortel\u0117 suteikia draudimo apsaug\u0105 ir kitose \u017ealiosios kortel\u0117s sistemos valstyb\u0117se. Draudimo sutarties laikotarpis yra 12 m\u0117nesi\u0173.<\/p>\n","protected":false},"excerpt":{"rendered":"<p>TPVCA privalomasis draudimas &#8211; tai draudimo r\u016b\u0161is, numatanti autoavarijos metu sukelt\u0173 nuostoli\u0173 atlyginim\u0105 tretiesiems asmenims ir j\u0173 turtui. Transporto priemoni\u0173 valdytoj\u0173 civilin\u0117s atsakomyb\u0117s privalomuoju draudimu privalo b\u016bti apdraustos visos Lietuvoje registruotos transporto priemon\u0117s. Draudimo sutarties r\u016b\u0161ys: \u012eprastin\u0117 draudimo sutartis Pasienio&#8230; <a class=\"more-link\" href=\"https:\/\/drauda.viko.lt\/?page_id=164\">Continue Reading &rarr;<\/a><\/p>\n","protected":false},"author":1,"featured_media":0,"parent":162,"menu_order":0,"comment_status":"closed","ping_status":"closed","template":"","meta":{"footnotes":""},"class_list":["post-164","page","type-page","status-publish","hentry"],"_links":{"self":[{"href":"https:\/\/drauda.viko.lt\/index.php?rest_route=\/wp\/v2\/pages\/164","targetHints":{"allow":["GET"]}}],"collection":[{"href":"https:\/\/drauda.viko.lt\/index.php?rest_route=\/wp\/v2\/pages"}],"about":[{"href":"https:\/\/drauda.viko.lt\/index.php?rest_route=\/wp\/v2\/types\/page"}],"author":[{"embeddable":true,"href":"https:\/\/drauda.viko.lt\/index.php?rest_route=\/wp\/v2\/users\/1"}],"replies":[{"embeddable":true,"href":"https:\/\/drauda.viko.lt\/index.php?rest_route=%2Fwp%2Fv2%2Fcomments&post=164"}],"version-history":[{"count":6,"href":"https:\/\/drauda.viko.lt\/index.php?rest_route=\/wp\/v2\/pages\/164\/revisions"}],"predecessor-version":[{"id":2116,"href":"https:\/\/drauda.viko.lt\/index.php?rest_route=\/wp\/v2\/pages\/164\/revisions\/2116"}],"up":[{"embeddable":true,"href":"https:\/\/drauda.viko.lt\/index.php?rest_route=\/wp\/v2\/pages\/162"}],"wp:attachment":[{"href":"https:\/\/drauda.viko.lt\/index.php?rest_route=%2Fwp%2Fv2%2Fmedia&parent=164"}],"curies":[{"name":"wp","href":"https:\/\/api.w.org\/{rel}","templated":true}]}}