{"id":175,"date":"2012-12-18T14:13:24","date_gmt":"2012-12-18T12:13:24","guid":{"rendered":"http:\/\/drauda.viko.lt\/?page_id=175"},"modified":"2023-06-08T09:06:52","modified_gmt":"2023-06-08T07:06:52","slug":"kelioniu-draudimas","status":"publish","type":"page","link":"https:\/\/drauda.viko.lt\/?page_id=175","title":{"rendered":"Kelioni\u0173 draudimas"},"content":{"rendered":"<p><a href=\"http:\/\/drauda.viko.lt\/wp-content\/uploads\/2012\/12\/travel-insurance1.jpg\" rel=\"attachment wp-att-195\"><img loading=\"lazy\" decoding=\"async\" class=\"alignnone wp-image-195 size-full\" src=\"http:\/\/drauda.viko.lt\/wp-content\/uploads\/2012\/12\/travel-insurance1.jpg\" alt=\"\" width=\"415\" height=\"270\" srcset=\"https:\/\/drauda.viko.lt\/wp-content\/uploads\/2012\/12\/travel-insurance1.jpg 415w, https:\/\/drauda.viko.lt\/wp-content\/uploads\/2012\/12\/travel-insurance1-300x195.jpg 300w\" sizes=\"auto, (max-width: 415px) 100vw, 415px\" \/><\/a><\/p>\n<p><strong>Kelioni\u0173 draudimas<\/strong> \u2013 draudimas nuo \u016bmios ligos, nelaimingo atsitikimo ar atvejo, kai apdraustasis padaro \u017eal\u0105 tre\u010diajam asmeniui u\u017esienyje. Kelion\u0117s draudimas taip pat galioja dingus ar v\u0117luojant apdraustojo baga\u017eui, at\u0161aukus kelion\u0119 ar jai visai ne\u012fvykus. Klientai, \u012fsigij\u0119 \u0161\u012f draudim\u0105, gali saugiai keliauti \u017einodami, kad, esant reikalui, gydym\u0105 u\u017esienyje apmok\u0117s draudimo bendrov\u0117.<\/p>\n<p><strong>Mes suteiksime Jums finansin\u0119 param\u0105 visame pasaulyje, jei:<\/strong><\/p>\n<ul>\n<li>prireiks b\u016btinosios medicinos pagalbos susi\u017eeidus, susirgus ar apsinuodijus;<\/li>\n<li>at\u0161auksite, atid\u0117site kelion\u0119 arba ji nutr\u016bks d\u0117l svarbi\u0173 ir netik\u0117t\u0173 \u012fvyki\u0173;<\/li>\n<li>pateksite \u012f nelaiming\u0105 atsitikim\u0105 \u2013 i\u0161moka mokama traumos, ne\u012fgalumo ar mirties atveju;<\/li>\n<li>bus prarastas, sugadintas ar pav\u0117luos J\u016bs\u0173 baga\u017eas;<\/li>\n<li>J\u016bs, J\u016bs\u0173 vaikai ar naminiai gyv\u016bnai padarys \u017eal\u0105 kitiems ar sugadins j\u0173 turt\u0105.<\/li>\n<\/ul>\n<p><strong>\u012emokos dydis priklauso nuo:<\/strong><\/p>\n<ul>\n<li>\u0161alies, \u012f kuri\u0105 vykstate;<\/li>\n<li>pasirinkt\u0173 draudimo paslaugos apsaug\u0173;<\/li>\n<li>kelion\u0117s trukm\u0117s bei tikslo;<\/li>\n<li>draudimo sumos.<\/li>\n<\/ul>\n<p><strong>Draudimo variantai:<\/strong><\/p>\n<ul>\n<li>vykstan\u010di\u0173j\u0173 \u012f u\u017esien\u012f medicinini\u0173 i\u0161laid\u0173 ir repatriacijos draudimas (b\u016btina draudimo r\u016b\u0161is);<\/li>\n<li>vykstan\u010di\u0173j\u0173 \u012f u\u017esien\u012f draudimas nuo nelaiming\u0173 atsitikim\u0173;<\/li>\n<li>baga\u017eo draudimas;<\/li>\n<li>asmens civilin\u0117s atsakomyb\u0117s kelion\u0117s draudimas;<\/li>\n<\/ul>\n","protected":false},"excerpt":{"rendered":"<p>Kelioni\u0173 draudimas \u2013 draudimas nuo \u016bmios ligos, nelaimingo atsitikimo ar atvejo, kai apdraustasis padaro \u017eal\u0105 tre\u010diajam asmeniui u\u017esienyje. Kelion\u0117s draudimas taip pat galioja dingus ar v\u0117luojant apdraustojo baga\u017eui, at\u0161aukus kelion\u0119 ar jai visai ne\u012fvykus. Klientai, \u012fsigij\u0119 \u0161\u012f draudim\u0105, gali saugiai&#8230; <a class=\"more-link\" href=\"https:\/\/drauda.viko.lt\/?page_id=175\">Continue Reading &rarr;<\/a><\/p>\n","protected":false},"author":1,"featured_media":0,"parent":168,"menu_order":0,"comment_status":"closed","ping_status":"open","template":"","meta":{"footnotes":""},"class_list":["post-175","page","type-page","status-publish","hentry"],"_links":{"self":[{"href":"https:\/\/drauda.viko.lt\/index.php?rest_route=\/wp\/v2\/pages\/175","targetHints":{"allow":["GET"]}}],"collection":[{"href":"https:\/\/drauda.viko.lt\/index.php?rest_route=\/wp\/v2\/pages"}],"about":[{"href":"https:\/\/drauda.viko.lt\/index.php?rest_route=\/wp\/v2\/types\/page"}],"author":[{"embeddable":true,"href":"https:\/\/drauda.viko.lt\/index.php?rest_route=\/wp\/v2\/users\/1"}],"replies":[{"embeddable":true,"href":"https:\/\/drauda.viko.lt\/index.php?rest_route=%2Fwp%2Fv2%2Fcomments&post=175"}],"version-history":[{"count":5,"href":"https:\/\/drauda.viko.lt\/index.php?rest_route=\/wp\/v2\/pages\/175\/revisions"}],"predecessor-version":[{"id":1193,"href":"https:\/\/drauda.viko.lt\/index.php?rest_route=\/wp\/v2\/pages\/175\/revisions\/1193"}],"up":[{"embeddable":true,"href":"https:\/\/drauda.viko.lt\/index.php?rest_route=\/wp\/v2\/pages\/168"}],"wp:attachment":[{"href":"https:\/\/drauda.viko.lt\/index.php?rest_route=%2Fwp%2Fv2%2Fmedia&parent=175"}],"curies":[{"name":"wp","href":"https:\/\/api.w.org\/{rel}","templated":true}]}}